{"id":5814,"date":"2023-07-05T07:18:50","date_gmt":"2023-07-05T06:18:50","guid":{"rendered":"https:\/\/luxury-hifinity.eu\/?page_id=5814"},"modified":"2023-09-29T09:33:07","modified_gmt":"2023-09-29T08:33:07","slug":"data-protection","status":"publish","type":"page","link":"https:\/\/luxury-hifinity.eu\/de\/data-protection\/","title":{"rendered":"Protecci\u00f3n de datos"},"content":{"rendered":"<p><strong>Disposiciones generales<\/strong><\/p>\n\n\n\n<p>1.1. Las presentes disposiciones sobre protecci\u00f3n de datos (en lo sucesivo denominadas &#8220;condiciones&#8221;) regulan los principios b\u00e1sicos y el procedimiento en base a los cuales el Vendedor (en lo sucesivo denominado &#8220;Kodema&#8221;) procesa los datos personales de los Compradores (en lo sucesivo denominados &#8220;clientes&#8221;) en la plataforma de gesti\u00f3n de pedidos (en lo sucesivo denominada e-store).<br>1.2. El tratamiento de los datos personales de los clientes viene determinado por las presentes condiciones, la Ley de Protecci\u00f3n Jur\u00eddica de Datos de Car\u00e1cter Personal de la Rep\u00fablica de Lituania y otros actos jur\u00eddicos que regulan la recogida de dichos datos.<\/p>\n\n\n\n<p><strong>TRATAMIENTO DE DATOS PERSONALES<\/strong><\/p>\n\n\n\n<p>2.1. KODEMA procesa los datos personales del cliente para los siguientes fines<br>2.1.1. Al celebrar y ejecutar contratos de compraventa de productos con el Cliente;<br>2.1.2. Para la identificaci\u00f3n del cliente, con el fin de cumplir adecuadamente el contrato de prestaci\u00f3n de servicios y\/o de compraventa;<br>2.2.2. los datos personales se procesan de forma precisa, justa y legal;<br>2.2.3. los datos personales son id\u00e9nticos, apropiados y s\u00f3lo en la medida necesaria para su recogida y posterior tratamiento;<br>2.2.4. Los datos personales del cliente se almacenan durante el per\u00edodo determinado por KODEMA, pero no m\u00e1s all\u00e1 de los t\u00e9rminos establecidos por los actos jur\u00eddicos de la Rep\u00fablica de Lituania, y tras la expiraci\u00f3n del plazo de almacenamiento de datos personales, se destruyen;<br>2.2.5. La informaci\u00f3n sobre los datos personales del cliente se considera confidencial y s\u00f3lo podr\u00e1 revelarse a terceros de acuerdo con el procedimiento establecido en esta pol\u00edtica y en la legislaci\u00f3n de la Rep\u00fablica de Lituania.<br>2.3. KODEMA trata los siguientes datos personales del Cliente para los fines especificados en las cl\u00e1usulas 2.1.1 y 2.1.2 del presente Reglamento:<br>2.3.1. datos b\u00e1sicos, es decir, nombre, apellidos, direcci\u00f3n de correo electr\u00f3nico o n\u00famero de tel\u00e9fono;<br>2.3.2. datos relacionados con la prestaci\u00f3n de servicios y\/o bienes, es decir, el servicio y\/o producto, sus datos de pedido, datos de pago (es decir, precio del producto, forma de pago), forma de entrega del producto, direcci\u00f3n del lugar de entrega en caso de que existan servicios de entrega), datos de contacto (direcci\u00f3n de correo electr\u00f3nico y\/o n\u00famero de tel\u00e9fono);<br>2.3.3. otros datos relacionados con el cumplimiento de los pedidos de productos y servicios adicionales relacionados.<br>2.3.4. otros datos sobre el uso de los servicios de la Tienda, es decir, datos recogidos mediante cookies y tecnolog\u00edas similares relacionadas con la navegaci\u00f3n por Internet.<br>2.4. Los datos personales del Cliente se reciben<br>2.4.1. directamente del Cliente;<br>2.4.2. de otras personas jur\u00eddicas que venden productos Kodema u otras tiendas electr\u00f3nicas que encargan el servicio de producci\u00f3n de Kodema;<br>2.5. KODEMA podr\u00e1 facilitar\/transferir datos de car\u00e1cter personal;<br>2.5.1. A instituciones estatales, tribunales e instituciones encargadas de hacer cumplir la ley, cuando sea necesario para la correcta ejecuci\u00f3n de actos jur\u00eddicos v\u00e1lidos o de una orden judicial.<br>2.6. Por correo El cliente dispone de una opci\u00f3n clara, gratuita y f\u00e1cil de aplicar para oponerse o rechazar dicho uso de los datos de contacto para los fines anteriormente mencionados mediante el env\u00edo de cada mensaje de correo electr\u00f3nico. por correo electr\u00f3nico: info@Kodema.lt.<br>El cliente puede retirar en cualquier momento el consentimiento que haya dado para el tratamiento de los datos enviando una solicitud a los siguientes contactos: por tel\u00e9fono +370 647 36804 o por correo electr\u00f3nico: info@kodema.lt. Una vez recibida dicha solicitud, KODEMA adoptar\u00e1 inmediatamente las medidas y acciones adecuadas para garantizar que los datos personales del destinatario del servicio no se utilicen con fines de marketing directo.<br>2.7. KODEMA tiene derecho a utilizar procesadores de datos para las acciones de procesamiento de datos (por ejemplo, con el fin de entregar mercanc\u00edas). Los procesadores de datos llevan a cabo las acciones de procesamiento de los datos personales del Cliente que les han sido asignadas mediante un contrato escrito o una instrucci\u00f3n independiente, salvo en los casos en que las leyes y otros actos jur\u00eddicos dispongan otra cosa.<br>2.8. El Cliente se compromete a proteger sus datos de acceso a la tienda electr\u00f3nica y a no divulgarlos a terceros. Todos los riesgos relacionados con la divulgaci\u00f3n de los datos de acceso a terceros y las p\u00e9rdidas resultantes correr\u00e1n a cargo del Cliente. El Cliente, tras tener conocimiento de la revelaci\u00f3n de sus datos de acceso, informar\u00e1 inmediatamente de ello a KODEMA, que, teniendo en cuenta el mensaje del Cliente, bloquear\u00e1 el acceso del Cliente. Las partes acuerdan por separado la reactivaci\u00f3n del registro del Cliente.<br>2.9. El Cliente, presentando una solicitud conforme al 2.12. procedimiento prescrito, tiene derecho a recibir informaci\u00f3n sobre sus datos personales y los fines para los que se procesan, as\u00ed como a exigir la correcci\u00f3n de los datos incorrectos.<br>2.10. El Cliente tiene derecho a exigir que KODEMA interrumpa el tratamiento de sus datos personales, salvo en los casos en que dicho tratamiento de datos sea obligatorio de acuerdo con la legislaci\u00f3n aplicable.<br>2.11. El Cliente tiene derecho a solicitar a KODEMA informaci\u00f3n sobre el tratamiento de los datos personales del Cliente presentando una solicitud a los siguientes contactos: por tel\u00e9fono +370 647 36804 o por correo electr\u00f3nico info@kodema.lt. KODEMA se compromete a facilitar informaci\u00f3n al Cliente en el plazo de 2 d\u00edas h\u00e1biles desde la recepci\u00f3n de la solicitud del Cliente. De acuerdo con el procedimiento establecido en este punto, el Cliente podr\u00e1 hacer uso de sus derechos si considera que KODEMA ha vulnerado los derechos del Cliente durante el tratamiento de sus datos personales y presentando una solicitud para corregir dicha vulneraci\u00f3n. El Cliente tambi\u00e9n tiene derecho a dirigirse a la Inspecci\u00f3n Estatal de Protecci\u00f3n de Datos o al tribunal lituano competente si considera que se han violado sus derechos.<br>2.12. KODEMA aplica las medidas organizativas y t\u00e9cnicas adecuadas para proteger los datos personales del Cliente de la destrucci\u00f3n, alteraci\u00f3n y divulgaci\u00f3n accidentales o il\u00edcitas, as\u00ed como de cualquier otro tratamiento il\u00edcito.<br>2.13. Con el fin de mejorar la experiencia del Cliente, KODEMA utiliza cookies cuando visita el sitio web o la tienda electr\u00f3nica de KODEMA, peque\u00f1as piezas de informaci\u00f3n textual que se crean autom\u00e1ticamente al navegar por el sitio web y se almacenan en el ordenador u otro dispositivo terminal del Cliente. La informaci\u00f3n recogida por las cookies permite a KODEMA garantizar al Cliente una navegaci\u00f3n m\u00e1s c\u00f3moda, ofrecerle ofertas atractivas y conocer mejor el comportamiento de los usuarios del sitio web de KODEMA, analizar tendencias y mejorar tanto el sitio web y el servicio al Cliente como los servicios prestados por KODEMA. El Cliente tiene derecho a decidir si acepta o no las cookies. Si el Cliente no est\u00e1 de acuerdo con que se guarden cookies en su ordenador u otro dispositivo terminal, el Cliente puede cambiar la configuraci\u00f3n de su navegador de Internet y desactivar todas las cookies o activarlas\/desactivarlas una a una. Si el Cliente desactiva las cookies, en algunos casos puede ralentizar la velocidad de navegaci\u00f3n por Internet, restringir el funcionamiento de determinadas funciones de la Tienda KODEMA o bloquear el acceso al sitio web.<\/p>\n\n\n\n<p><strong>Transferencia de informaci\u00f3n o reclamaci\u00f3n<\/strong><\/p>\n\n\n\n<p>3.1. Una persona puede ser informada sobre el tratamiento de sus datos personales y tiene la oportunidad de familiarizarse con los datos personales recogidos mediante el env\u00edo de una solicitud por correo electr\u00f3nico a info@Kodema.lt o por correo postal.<br>3.2. Una persona puede ser informada sobre el derecho a recibir informaci\u00f3n, de qu\u00e9 fuentes y qu\u00e9 datos personales se recogieron, con qu\u00e9 fin se procesan, a qu\u00e9 destinatarios de los datos se proporcionan y se han proporcionado mediante el env\u00edo de una solicitud por correo electr\u00f3nico a info@Kodema.lt o por correo postal.<br>3.3. Una persona puede corregir, destruir sus datos personales o detener, con la excepci\u00f3n del almacenamiento, el tratamiento de sus datos personales, cuando los datos se tratan en violaci\u00f3n de las disposiciones de la ley, presentando una solicitud por correo electr\u00f3nico a info@Kodema.lt o por correo postal.<br>3.4. Todas las notificaciones relacionadas con el tratamiento de datos personales se env\u00edan por correo electr\u00f3nico a info@Kodema.lt o por correo postal.<br>3.5. Las respuestas a los clientes se facilitan en la forma en que se recibi\u00f3 el mensaje o la reclamaci\u00f3n del cliente.<\/p>\n\n\n\n<p><strong>Cookies<\/strong><\/p>\n\n\n\n<p>4.1. Cuando visita nuestro sitio web, queremos ofrecerle contenidos y funciones adaptados a sus necesidades. Para ello necesitamos las cookies. Una cookie es informaci\u00f3n que un servidor web env\u00eda a un navegador web y que se almacena en el navegador. Esta informaci\u00f3n se env\u00eda cada vez que el navegador solicita abrir una p\u00e1gina del servidor. Esto permite al servidor web identificar y rastrear su navegador web, nos ayuda a reconocerle como visitante anterior de un determinado sitio web, guardar su historial de visitas al sitio web y adaptar el contenido en consecuencia. Adem\u00e1s, las cookies ayudan a garantizar el buen funcionamiento de los sitios web, permiten controlar la duraci\u00f3n y la frecuencia de las visitas a los sitios web y recopilan informaci\u00f3n estad\u00edstica sobre el n\u00famero de visitantes del sitio web. Mediante el an\u00e1lisis de estos datos, podemos mejorar nuestros sitios web y hacer que su uso sea m\u00e1s c\u00f3modo para usted.<br>4.2. Nuestro sitio web utiliza cookies necesarias que garantizan el correcto funcionamiento del sitio web. Se utilizan porque tenemos un inter\u00e9s leg\u00edtimo en garantizar el funcionamiento del sitio web, por lo que usted mismo no puede controlarlas. Tambi\u00e9n utilizamos cookies estad\u00edsticas, anal\u00edticas y publicitarias, que est\u00e1n dise\u00f1adas para entender mejor a nuestros usuarios, sus habilidades de usuario y para servir contenido personalizado (cookies comerciales no esenciales). S\u00f3lo utilizaremos cookies no esenciales con su consentimiento, por lo que si empezamos a utilizar las cookies no esenciales, estar\u00e1n sujetas a su consentimiento. En tal caso, antes de iniciar la navegaci\u00f3n, se le presentar\u00e1 la posibilidad de expresar su consentimiento y gestionar las cookies no esenciales. Tiene derecho a rechazar el registro de cookies no esenciales, a navegar de forma an\u00f3nima y a bloquear las cookies no esenciales. Al aceptar el uso de cookies no esenciales, podr\u00e1 ajustarlas en nuestro sitio web en el futuro.<br>4.3. Las cookies pueden gestionarse de dos maneras: 1) seleccionar las opciones adecuadas en la ventana emergente. 2) configure su navegador para que acepte todas las cookies, rechace todas las cookies o le notifique cuando se env\u00eda una cookie. Cada navegador es diferente, as\u00ed que si no sabe c\u00f3mo cambiar la configuraci\u00f3n de las cookies, consulte su men\u00fa de ayuda. El sistema operativo de su dispositivo puede tener controles adicionales para las cookies. Si no desea que se recopile informaci\u00f3n con la ayuda de cookies, utilice el sencillo procedimiento disponible en la mayor\u00eda de los navegadores que le permite rechazar el uso de cookies. Para saber m\u00e1s sobre c\u00f3mo gestionar las cookies, visite: http:\/\/www.allaboutcookies.org\/manage-cookies\/.<br>4.4. No obstante, tenga en cuenta que algunos servicios pueden estar dise\u00f1ados para funcionar \u00fanicamente con cookies y, si las desactiva, ya no podr\u00e1 utilizarlos o ciertas partes de ellos. Adem\u00e1s de las cookies utilizadas por el responsable del tratamiento, nuestros sitios web pueden permitir que determinados terceros instalen cookies en su ordenador u otro dispositivo y accedan a ellas. En este caso, las pol\u00edticas de privacidad de terceros se aplican al uso de cookies. Tenga en cuenta que nuestras cuentas de redes sociales est\u00e1n sujetas a la pol\u00edtica de cookies de la red social correspondiente. Los datos sobre las cookies que utilizamos, su finalidad, validez y tipo se presentan en la tabla siguiente:<\/p>\n\n\n\n<figure class=\"wp-block-table\"><table><tbody><tr><td><strong>T\u00edtulo<\/strong><\/td><td><strong>Proveedor<\/strong><\/td><td><strong>Finalidad<\/strong><\/td><td><strong>Validez<\/strong><\/td><td><strong>Tipo<\/strong><\/td><\/tr><tr><td>Elementor<\/td><td>luxury-hifinity.lt<\/td><td>El tema de WordPress utiliza esta cookie.\u202fPermite al propietario del sitio web implementar o cambiar el contenido del sitio web en tiempo real.<\/td><td> &#8211;<\/td><td>Necesarios<\/td><\/tr><tr><td>wp-wpml_current_language<\/td><td>luxury-hifinity.lt<\/td><td>El plugin de WordPress utiliza esta cookie para almacenar la configuraci\u00f3n actual del idioma.<\/td><td>Hasta el final de la sesi\u00f3n.<\/td><td>Funcionales<\/td><\/tr><tr><td>_ga_*<\/td><td>luxury-hifinity.lt<\/td><td>Google Analytics establece esta cookie para almacenar y contar las p\u00e1ginas vistas.<\/td><td>1 a\u00f1o 1 mes 4 d\u00edas<\/td><td>Anal\u00edticos<\/td><\/tr><tr><td>_ga<\/td><td>luxury-hifinity.lt<\/td><td>Google Analytics establece esta cookie para calcular los datos de visitantes, sesiones y campa\u00f1as y realizar un seguimiento del uso del sitio para el informe de an\u00e1lisis del sitio. La cookie almacena la informaci\u00f3n de forma an\u00f3nima y asigna un n\u00famero generado aleatoriamente para reconocer a los visitantes \u00fanicos.<\/td><td>1 a\u00f1o 1 mes 4 d\u00edas<\/td><td>Anal\u00edticos<\/td><\/tr><\/tbody><\/table><\/figure>\n\n\n\n<p>4.5. Sitios web de terceros.<br>Nuestro sitio web puede contener enlaces a otros sitios web. No somos responsables de la pol\u00edtica de privacidad, la pol\u00edtica de cookies y su aplicaci\u00f3n en los sitios web de terceros. Por lo tanto, le recomendamos que compruebe siempre c\u00f3mo se tratan los datos en otros sitios web.<\/p>\n\n\n\n<p><strong>Modificaci\u00f3n de las normas<\/strong><\/p>\n\n\n\n<p>5.1. KODEMA tiene derecho a modificar parcial o totalmente las Condiciones de Privacidad anunci\u00e1ndolo en la e-store.<br>5.2. Si el cliente contin\u00faa utilizando los servicios proporcionados por la e-store despu\u00e9s de los cambios en estas condiciones, se considera que el cliente da su consentimiento al cambio en las condiciones.<\/p>\n\n\n\n<p><strong>Disposiciones finales<\/strong><\/p>\n\n\n\n<p>6.1. Las presentes Condiciones de Privacidad se rigen por la legislaci\u00f3n de la Rep\u00fablica de Lituania.<br>6.2. Todos los desacuerdos relativos a la aplicaci\u00f3n de estas normas se resolver\u00e1n mediante negociaciones. Si no es posible llegar a un acuerdo, los desacuerdos se resolver\u00e1n de acuerdo con el procedimiento establecido por las leyes de la Rep\u00fablica de Lituania.<\/p>","protected":false},"excerpt":{"rendered":"<p>Disposiciones generales 1.1. Las presentes disposiciones sobre protecci\u00f3n de datos (en lo sucesivo denominadas &#8220;condiciones&#8221;) regulan los principios b\u00e1sicos y&#8230;<\/p>","protected":false},"author":2,"featured_media":0,"parent":0,"menu_order":0,"comment_status":"closed","ping_status":"closed","template":"","meta":{"om_disable_all_campaigns":false,"_monsterinsights_skip_tracking":false,"_monsterinsights_sitenote_active":false,"_monsterinsights_sitenote_note":"","_monsterinsights_sitenote_category":0,"_uf_show_specific_survey":0,"_uf_disable_surveys":false,"footnotes":""},"class_list":["post-5814","page","type-page","status-publish","hentry"],"aioseo_notices":[],"_links":{"self":[{"href":"https:\/\/luxury-hifinity.eu\/de\/wp-json\/wp\/v2\/pages\/5814","targetHints":{"allow":["GET"]}}],"collection":[{"href":"https:\/\/luxury-hifinity.eu\/de\/wp-json\/wp\/v2\/pages"}],"about":[{"href":"https:\/\/luxury-hifinity.eu\/de\/wp-json\/wp\/v2\/types\/page"}],"author":[{"embeddable":true,"href":"https:\/\/luxury-hifinity.eu\/de\/wp-json\/wp\/v2\/users\/2"}],"replies":[{"embeddable":true,"href":"https:\/\/luxury-hifinity.eu\/de\/wp-json\/wp\/v2\/comments?post=5814"}],"version-history":[{"count":6,"href":"https:\/\/luxury-hifinity.eu\/de\/wp-json\/wp\/v2\/pages\/5814\/revisions"}],"predecessor-version":[{"id":5904,"href":"https:\/\/luxury-hifinity.eu\/de\/wp-json\/wp\/v2\/pages\/5814\/revisions\/5904"}],"wp:attachment":[{"href":"https:\/\/luxury-hifinity.eu\/de\/wp-json\/wp\/v2\/media?parent=5814"}],"curies":[{"name":"wp","href":"https:\/\/api.w.org\/{rel}","templated":true}]}}